{"id":8386,"date":"2025-04-02T17:31:48","date_gmt":"2025-04-02T17:31:48","guid":{"rendered":"https:\/\/www.zarph.com\/?page_id=8386"},"modified":"2025-04-02T17:31:51","modified_gmt":"2025-04-02T17:31:51","slug":"solucao-de-deposito-td-442","status":"publish","type":"page","link":"https:\/\/www.zarph.com\/en\/sistemas-de-deposito\/solucao-de-deposito-td-442\/","title":{"rendered":"Solu\u00e7\u00e3o de Dep\u00f3sito \u2013 TD 442"},"content":{"rendered":"<div data-elementor-type=\"wp-page\" data-elementor-id=\"8386\" class=\"elementor elementor-8386\" data-elementor-post-type=\"page\">\n\t\t\t\t\t\t<section class=\"elementor-section elementor-top-section elementor-element elementor-element-7ac4ba22 elementor-section-boxed elementor-section-height-default elementor-section-height-default elementor-invisible\" data-id=\"7ac4ba22\" data-element_type=\"section\" data-settings=\"{&quot;animation&quot;:&quot;fadeInUp&quot;}\">\n\t\t\t\t\t\t<div class=\"elementor-container elementor-column-gap-default\">\n\t\t\t\t\t<div class=\"elementor-column elementor-col-100 elementor-top-column elementor-element elementor-element-2301a6a1\" data-id=\"2301a6a1\" data-element_type=\"column\">\n\t\t\t<div class=\"elementor-widget-wrap elementor-element-populated\">\n\t\t\t\t\t\t<div class=\"elementor-element elementor-element-5dcfd95f elementor-widget elementor-widget-heading\" data-id=\"5dcfd95f\" data-element_type=\"widget\" data-widget_type=\"heading.default\">\n\t\t\t\t<div class=\"elementor-widget-container\">\n\t\t\t\t\t<h1 class=\"elementor-heading-title elementor-size-default\">Deposit solution \u2013 TD 442<\/h1>\t\t\t\t<\/div>\n\t\t\t\t<\/div>\n\t\t\t\t<div class=\"elementor-element elementor-element-febd5c4 elementor-widget elementor-widget-heading\" data-id=\"febd5c4\" data-element_type=\"widget\" data-widget_type=\"heading.default\">\n\t\t\t\t<div class=\"elementor-widget-container\">\n\t\t\t\t\t<h2 class=\"elementor-heading-title elementor-size-default\">BREVEMENTE<\/h2>\t\t\t\t<\/div>\n\t\t\t\t<\/div>\n\t\t\t\t<div class=\"elementor-element elementor-element-5d922f9 elementor-widget elementor-widget-image\" data-id=\"5d922f9\" data-element_type=\"widget\" data-widget_type=\"image.default\">\n\t\t\t\t<div class=\"elementor-widget-container\">\n\t\t\t\t\t\t\t\t\t\t\t\t\t\t\t<img fetchpriority=\"high\" decoding=\"async\" width=\"800\" height=\"1000\" src=\"https:\/\/www.zarph.com\/wp-content\/uploads\/2025\/03\/td442-nova-versao-819x1024.png\" class=\"attachment-large size-large wp-image-8391\" alt=\"\" srcset=\"https:\/\/www.zarph.com\/wp-content\/uploads\/2025\/03\/td442-nova-versao-819x1024.png 819w, https:\/\/www.zarph.com\/wp-content\/uploads\/2025\/03\/td442-nova-versao-240x300.png 240w, https:\/\/www.zarph.com\/wp-content\/uploads\/2025\/03\/td442-nova-versao-768x960.png 768w, https:\/\/www.zarph.com\/wp-content\/uploads\/2025\/03\/td442-nova-versao-10x12.png 10w, https:\/\/www.zarph.com\/wp-content\/uploads\/2025\/03\/td442-nova-versao.png 1080w\" sizes=\"(max-width: 800px) 100vw, 800px\" \/>\t\t\t\t\t\t\t\t\t\t\t\t\t\t\t<\/div>\n\t\t\t\t<\/div>\n\t\t\t\t<div class=\"elementor-element elementor-element-6427045d elementor-absolute elementor-widget elementor-widget-image\" data-id=\"6427045d\" data-element_type=\"widget\" data-settings=\"{&quot;_position&quot;:&quot;absolute&quot;}\" data-widget_type=\"image.default\">\n\t\t\t\t<div class=\"elementor-widget-container\">\n\t\t\t\t\t\t\t\t\t\t\t\t\t\t\t<img decoding=\"async\" width=\"800\" height=\"791\" src=\"https:\/\/www.zarph.com\/wp-content\/uploads\/2023\/11\/nova-bola-azul-1024x1013.png\" class=\"attachment-large size-large wp-image-8\" alt=\"Dinheiro\" srcset=\"https:\/\/www.zarph.com\/wp-content\/uploads\/2023\/11\/nova-bola-azul-1024x1013.png 1024w, https:\/\/www.zarph.com\/wp-content\/uploads\/2023\/11\/nova-bola-azul-300x297.png 300w, https:\/\/www.zarph.com\/wp-content\/uploads\/2023\/11\/nova-bola-azul-768x760.png 768w, https:\/\/www.zarph.com\/wp-content\/uploads\/2023\/11\/nova-bola-azul-12x12.png 12w, https:\/\/www.zarph.com\/wp-content\/uploads\/2023\/11\/nova-bola-azul.png 1030w\" sizes=\"(max-width: 800px) 100vw, 800px\" \/>\t\t\t\t\t\t\t\t\t\t\t\t\t\t\t<\/div>\n\t\t\t\t<\/div>\n\t\t\t\t\t<\/div>\n\t\t<\/div>\n\t\t\t\t\t<\/div>\n\t\t<\/section>\n\t\t\t\t<\/div>","protected":false},"excerpt":{"rendered":"<p>Solu\u00e7\u00e3o de dep\u00f3sito \u2013 TD 442 BREVEMENTE<\/p>","protected":false},"author":2,"featured_media":6772,"parent":835,"menu_order":0,"comment_status":"closed","ping_status":"closed","template":"","meta":{"footnotes":""},"class_list":["post-8386","page","type-page","status-publish","has-post-thumbnail","hentry"],"yoast_head":"<!-- This site is optimized with the Yoast SEO plugin v25.4 - https:\/\/yoast.com\/wordpress\/plugins\/seo\/ -->\n<title>M\u00e1quina de dep\u00f3sito TD 442 | Inova\u00e7\u00e3o em gest\u00e3o de numer\u00e1rio<\/title>\n<meta name=\"description\" content=\"Descubra a m\u00e1quina de dep\u00f3sito TD 442 da Zarph, ideal para opera\u00e7\u00f5es banc\u00e1rias seguras e eficientes, com alta capacidade e gest\u00e3o integrada.\" \/>\n<meta name=\"robots\" content=\"index, follow, max-snippet:-1, max-image-preview:large, max-video-preview:-1\" \/>\n<link rel=\"canonical\" href=\"https:\/\/www.zarph.com\/en\/sistemas-de-deposito\/solucao-de-deposito-td-442\/\" \/>\n<meta property=\"og:locale\" content=\"en_GB\" \/>\n<meta property=\"og:type\" content=\"article\" \/>\n<meta property=\"og:title\" content=\"M\u00e1quina de dep\u00f3sito TD 442 | Inova\u00e7\u00e3o em gest\u00e3o de numer\u00e1rio\" \/>\n<meta property=\"og:description\" content=\"Descubra a m\u00e1quina de dep\u00f3sito TD 442 da Zarph, ideal para opera\u00e7\u00f5es banc\u00e1rias seguras e eficientes, com alta capacidade e gest\u00e3o integrada.\" \/>\n<meta property=\"og:url\" content=\"https:\/\/www.zarph.com\/en\/sistemas-de-deposito\/solucao-de-deposito-td-442\/\" \/>\n<meta property=\"og:site_name\" content=\"Zarph\" \/>\n<meta property=\"article:publisher\" content=\"https:\/\/www.facebook.com\/zarph.cash.management\" \/>\n<meta property=\"article:modified_time\" content=\"2025-04-02T17:31:51+00:00\" \/>\n<meta property=\"og:image\" content=\"https:\/\/www.zarph.com\/wp-content\/uploads\/2024\/08\/zarph-sistema-deposito-422-ecra.jpg\" \/>\n\t<meta property=\"og:image:width\" content=\"2048\" \/>\n\t<meta property=\"og:image:height\" content=\"1365\" \/>\n\t<meta property=\"og:image:type\" content=\"image\/jpeg\" \/>\n<meta name=\"twitter:card\" content=\"summary_large_image\" \/>\n<meta name=\"twitter:label1\" content=\"Estimated reading time\" \/>\n\t<meta name=\"twitter:data1\" content=\"1 minute\" \/>\n<script type=\"application\/ld+json\" class=\"yoast-schema-graph\">{\"@context\":\"https:\/\/schema.org\",\"@graph\":[{\"@type\":\"WebPage\",\"@id\":\"https:\/\/www.zarph.com\/sistemas-de-deposito\/solucao-de-deposito-td-442\/\",\"url\":\"https:\/\/www.zarph.com\/sistemas-de-deposito\/solucao-de-deposito-td-442\/\",\"name\":\"M\u00e1quina de dep\u00f3sito TD 442 | Inova\u00e7\u00e3o em gest\u00e3o de numer\u00e1rio\",\"isPartOf\":{\"@id\":\"https:\/\/www.zarph.com\/#website\"},\"primaryImageOfPage\":{\"@id\":\"https:\/\/www.zarph.com\/sistemas-de-deposito\/solucao-de-deposito-td-442\/#primaryimage\"},\"image\":{\"@id\":\"https:\/\/www.zarph.com\/sistemas-de-deposito\/solucao-de-deposito-td-442\/#primaryimage\"},\"thumbnailUrl\":\"https:\/\/www.zarph.com\/wp-content\/uploads\/2024\/08\/zarph-sistema-deposito-422-ecra.jpg\",\"datePublished\":\"2025-04-02T17:31:48+00:00\",\"dateModified\":\"2025-04-02T17:31:51+00:00\",\"description\":\"Descubra a m\u00e1quina de dep\u00f3sito TD 442 da Zarph, ideal para opera\u00e7\u00f5es banc\u00e1rias seguras e eficientes, com alta capacidade e gest\u00e3o integrada.\",\"breadcrumb\":{\"@id\":\"https:\/\/www.zarph.com\/sistemas-de-deposito\/solucao-de-deposito-td-442\/#breadcrumb\"},\"inLanguage\":\"en-GB\",\"potentialAction\":[{\"@type\":\"ReadAction\",\"target\":[\"https:\/\/www.zarph.com\/sistemas-de-deposito\/solucao-de-deposito-td-442\/\"]}]},{\"@type\":\"ImageObject\",\"inLanguage\":\"en-GB\",\"@id\":\"https:\/\/www.zarph.com\/sistemas-de-deposito\/solucao-de-deposito-td-442\/#primaryimage\",\"url\":\"https:\/\/www.zarph.com\/wp-content\/uploads\/2024\/08\/zarph-sistema-deposito-422-ecra.jpg\",\"contentUrl\":\"https:\/\/www.zarph.com\/wp-content\/uploads\/2024\/08\/zarph-sistema-deposito-422-ecra.jpg\",\"width\":2048,\"height\":1365,\"caption\":\"Ecr\u00e3 da m\u00e1quina de dep\u00f3sito TD 442\"},{\"@type\":\"BreadcrumbList\",\"@id\":\"https:\/\/www.zarph.com\/sistemas-de-deposito\/solucao-de-deposito-td-442\/#breadcrumb\",\"itemListElement\":[{\"@type\":\"ListItem\",\"position\":1,\"name\":\"In\u00edcio\",\"item\":\"https:\/\/www.zarph.com\/\"},{\"@type\":\"ListItem\",\"position\":2,\"name\":\"Sistemas de dep\u00f3sito\",\"item\":\"https:\/\/www.zarph.com\/sistemas-de-deposito\/\"},{\"@type\":\"ListItem\",\"position\":3,\"name\":\"Solu\u00e7\u00e3o de Dep\u00f3sito \u2013 TD 442\"}]},{\"@type\":\"WebSite\",\"@id\":\"https:\/\/www.zarph.com\/#website\",\"url\":\"https:\/\/www.zarph.com\/\",\"name\":\"Zarph\",\"description\":\"Sistemas de pagamento e dep\u00f3sito\",\"publisher\":{\"@id\":\"https:\/\/www.zarph.com\/#organization\"},\"potentialAction\":[{\"@type\":\"SearchAction\",\"target\":{\"@type\":\"EntryPoint\",\"urlTemplate\":\"https:\/\/www.zarph.com\/?s={search_term_string}\"},\"query-input\":{\"@type\":\"PropertyValueSpecification\",\"valueRequired\":true,\"valueName\":\"search_term_string\"}}],\"inLanguage\":\"en-GB\"},{\"@type\":\"Organization\",\"@id\":\"https:\/\/www.zarph.com\/#organization\",\"name\":\"Zarph\",\"url\":\"https:\/\/www.zarph.com\/\",\"logo\":{\"@type\":\"ImageObject\",\"inLanguage\":\"en-GB\",\"@id\":\"https:\/\/www.zarph.com\/#\/schema\/logo\/image\/\",\"url\":\"https:\/\/www.zarph.com\/wp-content\/uploads\/2024\/08\/logotipo-zarph.png\",\"contentUrl\":\"https:\/\/www.zarph.com\/wp-content\/uploads\/2024\/08\/logotipo-zarph.png\",\"width\":512,\"height\":512,\"caption\":\"Zarph\"},\"image\":{\"@id\":\"https:\/\/www.zarph.com\/#\/schema\/logo\/image\/\"},\"sameAs\":[\"https:\/\/www.facebook.com\/zarph.cash.management\",\"https:\/\/www.linkedin.com\/company\/g3p-technologies\/\"]}]}<\/script>\n<!-- \/ Yoast SEO plugin. -->","yoast_head_json":{"title":"M\u00e1quina de dep\u00f3sito TD 442 | Inova\u00e7\u00e3o em gest\u00e3o de numer\u00e1rio","description":"Descubra a m\u00e1quina de dep\u00f3sito TD 442 da Zarph, ideal para opera\u00e7\u00f5es banc\u00e1rias seguras e eficientes, com alta capacidade e gest\u00e3o integrada.","robots":{"index":"index","follow":"follow","max-snippet":"max-snippet:-1","max-image-preview":"max-image-preview:large","max-video-preview":"max-video-preview:-1"},"canonical":"https:\/\/www.zarph.com\/en\/sistemas-de-deposito\/solucao-de-deposito-td-442\/","og_locale":"en_GB","og_type":"article","og_title":"M\u00e1quina de dep\u00f3sito TD 442 | Inova\u00e7\u00e3o em gest\u00e3o de numer\u00e1rio","og_description":"Descubra a m\u00e1quina de dep\u00f3sito TD 442 da Zarph, ideal para opera\u00e7\u00f5es banc\u00e1rias seguras e eficientes, com alta capacidade e gest\u00e3o integrada.","og_url":"https:\/\/www.zarph.com\/en\/sistemas-de-deposito\/solucao-de-deposito-td-442\/","og_site_name":"Zarph","article_publisher":"https:\/\/www.facebook.com\/zarph.cash.management","article_modified_time":"2025-04-02T17:31:51+00:00","og_image":[{"width":2048,"height":1365,"url":"https:\/\/www.zarph.com\/wp-content\/uploads\/2024\/08\/zarph-sistema-deposito-422-ecra.jpg","type":"image\/jpeg"}],"twitter_card":"summary_large_image","twitter_misc":{"Estimated reading time":"1 minute"},"schema":{"@context":"https:\/\/schema.org","@graph":[{"@type":"WebPage","@id":"https:\/\/www.zarph.com\/sistemas-de-deposito\/solucao-de-deposito-td-442\/","url":"https:\/\/www.zarph.com\/sistemas-de-deposito\/solucao-de-deposito-td-442\/","name":"M\u00e1quina de dep\u00f3sito TD 442 | Inova\u00e7\u00e3o em gest\u00e3o de numer\u00e1rio","isPartOf":{"@id":"https:\/\/www.zarph.com\/#website"},"primaryImageOfPage":{"@id":"https:\/\/www.zarph.com\/sistemas-de-deposito\/solucao-de-deposito-td-442\/#primaryimage"},"image":{"@id":"https:\/\/www.zarph.com\/sistemas-de-deposito\/solucao-de-deposito-td-442\/#primaryimage"},"thumbnailUrl":"https:\/\/www.zarph.com\/wp-content\/uploads\/2024\/08\/zarph-sistema-deposito-422-ecra.jpg","datePublished":"2025-04-02T17:31:48+00:00","dateModified":"2025-04-02T17:31:51+00:00","description":"Descubra a m\u00e1quina de dep\u00f3sito TD 442 da Zarph, ideal para opera\u00e7\u00f5es banc\u00e1rias seguras e eficientes, com alta capacidade e gest\u00e3o integrada.","breadcrumb":{"@id":"https:\/\/www.zarph.com\/sistemas-de-deposito\/solucao-de-deposito-td-442\/#breadcrumb"},"inLanguage":"en-GB","potentialAction":[{"@type":"ReadAction","target":["https:\/\/www.zarph.com\/sistemas-de-deposito\/solucao-de-deposito-td-442\/"]}]},{"@type":"ImageObject","inLanguage":"en-GB","@id":"https:\/\/www.zarph.com\/sistemas-de-deposito\/solucao-de-deposito-td-442\/#primaryimage","url":"https:\/\/www.zarph.com\/wp-content\/uploads\/2024\/08\/zarph-sistema-deposito-422-ecra.jpg","contentUrl":"https:\/\/www.zarph.com\/wp-content\/uploads\/2024\/08\/zarph-sistema-deposito-422-ecra.jpg","width":2048,"height":1365,"caption":"Ecr\u00e3 da m\u00e1quina de dep\u00f3sito TD 442"},{"@type":"BreadcrumbList","@id":"https:\/\/www.zarph.com\/sistemas-de-deposito\/solucao-de-deposito-td-442\/#breadcrumb","itemListElement":[{"@type":"ListItem","position":1,"name":"In\u00edcio","item":"https:\/\/www.zarph.com\/"},{"@type":"ListItem","position":2,"name":"Sistemas de dep\u00f3sito","item":"https:\/\/www.zarph.com\/sistemas-de-deposito\/"},{"@type":"ListItem","position":3,"name":"Solu\u00e7\u00e3o de Dep\u00f3sito \u2013 TD 442"}]},{"@type":"WebSite","@id":"https:\/\/www.zarph.com\/#website","url":"https:\/\/www.zarph.com\/","name":"Zarph","description":"Sistemas de pagamento e dep\u00f3sito","publisher":{"@id":"https:\/\/www.zarph.com\/#organization"},"potentialAction":[{"@type":"SearchAction","target":{"@type":"EntryPoint","urlTemplate":"https:\/\/www.zarph.com\/?s={search_term_string}"},"query-input":{"@type":"PropertyValueSpecification","valueRequired":true,"valueName":"search_term_string"}}],"inLanguage":"en-GB"},{"@type":"Organization","@id":"https:\/\/www.zarph.com\/#organization","name":"Zarph","url":"https:\/\/www.zarph.com\/","logo":{"@type":"ImageObject","inLanguage":"en-GB","@id":"https:\/\/www.zarph.com\/#\/schema\/logo\/image\/","url":"https:\/\/www.zarph.com\/wp-content\/uploads\/2024\/08\/logotipo-zarph.png","contentUrl":"https:\/\/www.zarph.com\/wp-content\/uploads\/2024\/08\/logotipo-zarph.png","width":512,"height":512,"caption":"Zarph"},"image":{"@id":"https:\/\/www.zarph.com\/#\/schema\/logo\/image\/"},"sameAs":["https:\/\/www.facebook.com\/zarph.cash.management","https:\/\/www.linkedin.com\/company\/g3p-technologies\/"]}]}},"_links":{"self":[{"href":"https:\/\/www.zarph.com\/en\/wp-json\/wp\/v2\/pages\/8386","targetHints":{"allow":["GET"]}}],"collection":[{"href":"https:\/\/www.zarph.com\/en\/wp-json\/wp\/v2\/pages"}],"about":[{"href":"https:\/\/www.zarph.com\/en\/wp-json\/wp\/v2\/types\/page"}],"author":[{"embeddable":true,"href":"https:\/\/www.zarph.com\/en\/wp-json\/wp\/v2\/users\/2"}],"replies":[{"embeddable":true,"href":"https:\/\/www.zarph.com\/en\/wp-json\/wp\/v2\/comments?post=8386"}],"version-history":[{"count":11,"href":"https:\/\/www.zarph.com\/en\/wp-json\/wp\/v2\/pages\/8386\/revisions"}],"predecessor-version":[{"id":8402,"href":"https:\/\/www.zarph.com\/en\/wp-json\/wp\/v2\/pages\/8386\/revisions\/8402"}],"up":[{"embeddable":true,"href":"https:\/\/www.zarph.com\/en\/wp-json\/wp\/v2\/pages\/835"}],"wp:featuredmedia":[{"embeddable":true,"href":"https:\/\/www.zarph.com\/en\/wp-json\/wp\/v2\/media\/6772"}],"wp:attachment":[{"href":"https:\/\/www.zarph.com\/en\/wp-json\/wp\/v2\/media?parent=8386"}],"curies":[{"name":"wp","href":"https:\/\/api.w.org\/{rel}","templated":true}]}}