{"id":2734,"date":"2023-12-16T13:45:15","date_gmt":"2023-12-16T13:45:15","guid":{"rendered":"https:\/\/www.zarph.com\/?page_id=2734"},"modified":"2024-08-27T14:16:06","modified_gmt":"2024-08-27T14:16:06","slug":"obrigado-pela-sua-subscricao","status":"publish","type":"page","link":"https:\/\/www.zarph.com\/en\/newsletter\/obrigado-pela-sua-subscricao\/","title":{"rendered":"Thank you for subscribing!"},"content":{"rendered":"<div data-elementor-type=\"wp-page\" data-elementor-id=\"2734\" class=\"elementor elementor-2734\" data-elementor-post-type=\"page\">\n\t\t\t\t\t\t<section class=\"elementor-section elementor-top-section elementor-element elementor-element-c4a1798 elementor-section-height-min-height elementor-section-boxed elementor-section-height-default elementor-section-items-middle\" data-id=\"c4a1798\" data-element_type=\"section\" data-settings=\"{&quot;background_background&quot;:&quot;classic&quot;}\">\n\t\t\t\t\t\t<div class=\"elementor-container elementor-column-gap-default\">\n\t\t\t\t\t<div class=\"elementor-column elementor-col-100 elementor-top-column elementor-element elementor-element-30bfc2e elementor-invisible\" data-id=\"30bfc2e\" data-element_type=\"column\" data-settings=\"{&quot;animation&quot;:&quot;fadeInRight&quot;,&quot;animation_delay&quot;:200,&quot;animation_tablet&quot;:&quot;fadeInLeft&quot;,&quot;background_background&quot;:&quot;classic&quot;}\">\n\t\t\t<div class=\"elementor-widget-wrap elementor-element-populated\">\n\t\t\t\t\t\t<div class=\"elementor-element elementor-element-fea2e36 elementor-widget__width-auto elementor-absolute elementor-hidden-tablet elementor-widget elementor-widget-image\" data-id=\"fea2e36\" data-element_type=\"widget\" data-settings=\"{&quot;_position&quot;:&quot;absolute&quot;}\" data-widget_type=\"image.default\">\n\t\t\t\t<div class=\"elementor-widget-container\">\n\t\t\t\t\t\t\t\t\t\t\t\t\t\t\t<img fetchpriority=\"high\" decoding=\"async\" width=\"1030\" height=\"1019\" src=\"https:\/\/www.zarph.com\/wp-content\/uploads\/2023\/11\/nova-bola-azul.png\" class=\"attachment-full size-full wp-image-8\" alt=\"Dinheiro\" srcset=\"https:\/\/www.zarph.com\/wp-content\/uploads\/2023\/11\/nova-bola-azul.png 1030w, https:\/\/www.zarph.com\/wp-content\/uploads\/2023\/11\/nova-bola-azul-300x297.png 300w, https:\/\/www.zarph.com\/wp-content\/uploads\/2023\/11\/nova-bola-azul-1024x1013.png 1024w, https:\/\/www.zarph.com\/wp-content\/uploads\/2023\/11\/nova-bola-azul-768x760.png 768w, https:\/\/www.zarph.com\/wp-content\/uploads\/2023\/11\/nova-bola-azul-12x12.png 12w\" sizes=\"(max-width: 1030px) 100vw, 1030px\" \/>\t\t\t\t\t\t\t\t\t\t\t\t\t\t\t<\/div>\n\t\t\t\t<\/div>\n\t\t\t\t<div class=\"elementor-element elementor-element-3eb626a elementor-widget__width-initial elementor-widget elementor-widget-heading\" data-id=\"3eb626a\" data-element_type=\"widget\" data-widget_type=\"heading.default\">\n\t\t\t\t<div class=\"elementor-widget-container\">\n\t\t\t\t\t<h1 class=\"elementor-heading-title elementor-size-default\">Thank you for subscribing!<\/h1>\t\t\t\t<\/div>\n\t\t\t\t<\/div>\n\t\t\t\t<div class=\"elementor-element elementor-element-998942a elementor-widget__width-initial elementor-widget elementor-widget-heading\" data-id=\"998942a\" data-element_type=\"widget\" data-widget_type=\"heading.default\">\n\t\t\t\t<div class=\"elementor-widget-container\">\n\t\t\t\t\t<h2 class=\"elementor-heading-title elementor-size-default\">From now on, you will receive all the information and news in your email inbox.\n<br>You can remove your subscription at any time.<\/h2>\t\t\t\t<\/div>\n\t\t\t\t<\/div>\n\t\t\t\t<div class=\"elementor-element elementor-element-c4404d4 elementor-tablet-align-center elementor-mobile-align-justify elementor-align-center elementor-widget elementor-widget-button\" data-id=\"c4404d4\" data-element_type=\"widget\" data-widget_type=\"button.default\">\n\t\t\t\t<div class=\"elementor-widget-container\">\n\t\t\t\t\t\t\t\t\t<div class=\"elementor-button-wrapper\">\n\t\t\t\t\t<a class=\"elementor-button elementor-button-link elementor-size-sm\" href=\"https:\/\/www.zarph.com\/en\/\">\n\t\t\t\t\t\t<span class=\"elementor-button-content-wrapper\">\n\t\t\t\t\t\t\t\t\t<span class=\"elementor-button-text\">Return to main page<\/span>\n\t\t\t\t\t<\/span>\n\t\t\t\t\t<\/a>\n\t\t\t\t<\/div>\n\t\t\t\t\t\t\t\t<\/div>\n\t\t\t\t<\/div>\n\t\t\t\t\t<\/div>\n\t\t<\/div>\n\t\t\t\t\t<\/div>\n\t\t<\/section>\n\t\t\t\t<\/div>","protected":false},"excerpt":{"rendered":"<p>Agradecemos a sua subscri\u00e7\u00e3o! A partir de agora, vai receber todas as informa\u00e7\u00f5es e novidades na sua caixa de email. Pode remover a sua subscri\u00e7\u00e3o a qualquer momento. Voltar para p\u00e1gina principal<\/p>","protected":false},"author":3,"featured_media":7624,"parent":1234,"menu_order":0,"comment_status":"closed","ping_status":"closed","template":"elementor_header_footer","meta":{"footnotes":""},"class_list":["post-2734","page","type-page","status-publish","has-post-thumbnail","hentry"],"yoast_head":"<!-- This site is optimized with the Yoast SEO plugin v25.4 - https:\/\/yoast.com\/wordpress\/plugins\/seo\/ -->\n<title>Obrigado pela sua subscri\u00e7\u00e3o | Novidades Zarph<\/title>\n<meta name=\"description\" content=\"Obrigado pela sua subscri\u00e7\u00e3o! Receba as \u00faltimas novidades e conte\u00fados exclusivos diretamente na sua caixa de email.\" \/>\n<meta name=\"robots\" content=\"index, follow, max-snippet:-1, max-image-preview:large, max-video-preview:-1\" \/>\n<link rel=\"canonical\" href=\"https:\/\/www.zarph.com\/en\/newsletter\/obrigado-pela-sua-subscricao\/\" \/>\n<meta property=\"og:locale\" content=\"en_GB\" \/>\n<meta property=\"og:type\" content=\"article\" \/>\n<meta property=\"og:title\" content=\"Obrigado pela sua subscri\u00e7\u00e3o | Novidades Zarph\" \/>\n<meta property=\"og:description\" content=\"Obrigado pela sua subscri\u00e7\u00e3o! Receba as \u00faltimas novidades e conte\u00fados exclusivos diretamente na sua caixa de email.\" \/>\n<meta property=\"og:url\" content=\"https:\/\/www.zarph.com\/en\/newsletter\/obrigado-pela-sua-subscricao\/\" \/>\n<meta property=\"og:site_name\" content=\"Zarph\" \/>\n<meta property=\"article:publisher\" content=\"https:\/\/www.facebook.com\/zarph.cash.management\" \/>\n<meta property=\"article:modified_time\" content=\"2024-08-27T14:16:06+00:00\" \/>\n<meta property=\"og:image\" content=\"https:\/\/www.zarph.com\/wp-content\/uploads\/2024\/08\/capa-agradecemos-a-sua-subscricao.jpg\" \/>\n\t<meta property=\"og:image:width\" content=\"1000\" \/>\n\t<meta property=\"og:image:height\" content=\"1000\" \/>\n\t<meta property=\"og:image:type\" content=\"image\/jpeg\" \/>\n<meta name=\"twitter:card\" content=\"summary_large_image\" \/>\n<meta name=\"twitter:label1\" content=\"Estimated reading time\" \/>\n\t<meta name=\"twitter:data1\" content=\"1 minute\" \/>\n<script type=\"application\/ld+json\" class=\"yoast-schema-graph\">{\"@context\":\"https:\/\/schema.org\",\"@graph\":[{\"@type\":\"WebPage\",\"@id\":\"https:\/\/www.zarph.com\/newsletter\/obrigado-pela-sua-subscricao\/\",\"url\":\"https:\/\/www.zarph.com\/newsletter\/obrigado-pela-sua-subscricao\/\",\"name\":\"Obrigado pela sua subscri\u00e7\u00e3o | Novidades Zarph\",\"isPartOf\":{\"@id\":\"https:\/\/www.zarph.com\/#website\"},\"primaryImageOfPage\":{\"@id\":\"https:\/\/www.zarph.com\/newsletter\/obrigado-pela-sua-subscricao\/#primaryimage\"},\"image\":{\"@id\":\"https:\/\/www.zarph.com\/newsletter\/obrigado-pela-sua-subscricao\/#primaryimage\"},\"thumbnailUrl\":\"https:\/\/www.zarph.com\/wp-content\/uploads\/2024\/08\/capa-agradecemos-a-sua-subscricao.jpg\",\"datePublished\":\"2023-12-16T13:45:15+00:00\",\"dateModified\":\"2024-08-27T14:16:06+00:00\",\"description\":\"Obrigado pela sua subscri\u00e7\u00e3o! Receba as \u00faltimas novidades e conte\u00fados exclusivos diretamente na sua caixa de email.\",\"breadcrumb\":{\"@id\":\"https:\/\/www.zarph.com\/newsletter\/obrigado-pela-sua-subscricao\/#breadcrumb\"},\"inLanguage\":\"en-GB\",\"potentialAction\":[{\"@type\":\"ReadAction\",\"target\":[\"https:\/\/www.zarph.com\/newsletter\/obrigado-pela-sua-subscricao\/\"]}]},{\"@type\":\"ImageObject\",\"inLanguage\":\"en-GB\",\"@id\":\"https:\/\/www.zarph.com\/newsletter\/obrigado-pela-sua-subscricao\/#primaryimage\",\"url\":\"https:\/\/www.zarph.com\/wp-content\/uploads\/2024\/08\/capa-agradecemos-a-sua-subscricao.jpg\",\"contentUrl\":\"https:\/\/www.zarph.com\/wp-content\/uploads\/2024\/08\/capa-agradecemos-a-sua-subscricao.jpg\",\"width\":1000,\"height\":1000},{\"@type\":\"BreadcrumbList\",\"@id\":\"https:\/\/www.zarph.com\/newsletter\/obrigado-pela-sua-subscricao\/#breadcrumb\",\"itemListElement\":[{\"@type\":\"ListItem\",\"position\":1,\"name\":\"In\u00edcio\",\"item\":\"https:\/\/www.zarph.com\/\"},{\"@type\":\"ListItem\",\"position\":2,\"name\":\"Newsletter\",\"item\":\"https:\/\/www.zarph.com\/newsletter\/\"},{\"@type\":\"ListItem\",\"position\":3,\"name\":\"Agradecemos a sua subscri\u00e7\u00e3o!\"}]},{\"@type\":\"WebSite\",\"@id\":\"https:\/\/www.zarph.com\/#website\",\"url\":\"https:\/\/www.zarph.com\/\",\"name\":\"Zarph\",\"description\":\"Sistemas de pagamento e dep\u00f3sito\",\"publisher\":{\"@id\":\"https:\/\/www.zarph.com\/#organization\"},\"potentialAction\":[{\"@type\":\"SearchAction\",\"target\":{\"@type\":\"EntryPoint\",\"urlTemplate\":\"https:\/\/www.zarph.com\/?s={search_term_string}\"},\"query-input\":{\"@type\":\"PropertyValueSpecification\",\"valueRequired\":true,\"valueName\":\"search_term_string\"}}],\"inLanguage\":\"en-GB\"},{\"@type\":\"Organization\",\"@id\":\"https:\/\/www.zarph.com\/#organization\",\"name\":\"Zarph\",\"url\":\"https:\/\/www.zarph.com\/\",\"logo\":{\"@type\":\"ImageObject\",\"inLanguage\":\"en-GB\",\"@id\":\"https:\/\/www.zarph.com\/#\/schema\/logo\/image\/\",\"url\":\"https:\/\/www.zarph.com\/wp-content\/uploads\/2024\/08\/logotipo-zarph.png\",\"contentUrl\":\"https:\/\/www.zarph.com\/wp-content\/uploads\/2024\/08\/logotipo-zarph.png\",\"width\":512,\"height\":512,\"caption\":\"Zarph\"},\"image\":{\"@id\":\"https:\/\/www.zarph.com\/#\/schema\/logo\/image\/\"},\"sameAs\":[\"https:\/\/www.facebook.com\/zarph.cash.management\",\"https:\/\/www.linkedin.com\/company\/g3p-technologies\/\"]}]}<\/script>\n<!-- \/ Yoast SEO plugin. -->","yoast_head_json":{"title":"Obrigado pela sua subscri\u00e7\u00e3o | Novidades Zarph","description":"Obrigado pela sua subscri\u00e7\u00e3o! Receba as \u00faltimas novidades e conte\u00fados exclusivos diretamente na sua caixa de email.","robots":{"index":"index","follow":"follow","max-snippet":"max-snippet:-1","max-image-preview":"max-image-preview:large","max-video-preview":"max-video-preview:-1"},"canonical":"https:\/\/www.zarph.com\/en\/newsletter\/obrigado-pela-sua-subscricao\/","og_locale":"en_GB","og_type":"article","og_title":"Obrigado pela sua subscri\u00e7\u00e3o | Novidades Zarph","og_description":"Obrigado pela sua subscri\u00e7\u00e3o! Receba as \u00faltimas novidades e conte\u00fados exclusivos diretamente na sua caixa de email.","og_url":"https:\/\/www.zarph.com\/en\/newsletter\/obrigado-pela-sua-subscricao\/","og_site_name":"Zarph","article_publisher":"https:\/\/www.facebook.com\/zarph.cash.management","article_modified_time":"2024-08-27T14:16:06+00:00","og_image":[{"width":1000,"height":1000,"url":"https:\/\/www.zarph.com\/wp-content\/uploads\/2024\/08\/capa-agradecemos-a-sua-subscricao.jpg","type":"image\/jpeg"}],"twitter_card":"summary_large_image","twitter_misc":{"Estimated reading time":"1 minute"},"schema":{"@context":"https:\/\/schema.org","@graph":[{"@type":"WebPage","@id":"https:\/\/www.zarph.com\/newsletter\/obrigado-pela-sua-subscricao\/","url":"https:\/\/www.zarph.com\/newsletter\/obrigado-pela-sua-subscricao\/","name":"Obrigado pela sua subscri\u00e7\u00e3o | Novidades Zarph","isPartOf":{"@id":"https:\/\/www.zarph.com\/#website"},"primaryImageOfPage":{"@id":"https:\/\/www.zarph.com\/newsletter\/obrigado-pela-sua-subscricao\/#primaryimage"},"image":{"@id":"https:\/\/www.zarph.com\/newsletter\/obrigado-pela-sua-subscricao\/#primaryimage"},"thumbnailUrl":"https:\/\/www.zarph.com\/wp-content\/uploads\/2024\/08\/capa-agradecemos-a-sua-subscricao.jpg","datePublished":"2023-12-16T13:45:15+00:00","dateModified":"2024-08-27T14:16:06+00:00","description":"Obrigado pela sua subscri\u00e7\u00e3o! Receba as \u00faltimas novidades e conte\u00fados exclusivos diretamente na sua caixa de email.","breadcrumb":{"@id":"https:\/\/www.zarph.com\/newsletter\/obrigado-pela-sua-subscricao\/#breadcrumb"},"inLanguage":"en-GB","potentialAction":[{"@type":"ReadAction","target":["https:\/\/www.zarph.com\/newsletter\/obrigado-pela-sua-subscricao\/"]}]},{"@type":"ImageObject","inLanguage":"en-GB","@id":"https:\/\/www.zarph.com\/newsletter\/obrigado-pela-sua-subscricao\/#primaryimage","url":"https:\/\/www.zarph.com\/wp-content\/uploads\/2024\/08\/capa-agradecemos-a-sua-subscricao.jpg","contentUrl":"https:\/\/www.zarph.com\/wp-content\/uploads\/2024\/08\/capa-agradecemos-a-sua-subscricao.jpg","width":1000,"height":1000},{"@type":"BreadcrumbList","@id":"https:\/\/www.zarph.com\/newsletter\/obrigado-pela-sua-subscricao\/#breadcrumb","itemListElement":[{"@type":"ListItem","position":1,"name":"In\u00edcio","item":"https:\/\/www.zarph.com\/"},{"@type":"ListItem","position":2,"name":"Newsletter","item":"https:\/\/www.zarph.com\/newsletter\/"},{"@type":"ListItem","position":3,"name":"Agradecemos a sua subscri\u00e7\u00e3o!"}]},{"@type":"WebSite","@id":"https:\/\/www.zarph.com\/#website","url":"https:\/\/www.zarph.com\/","name":"Zarph","description":"Sistemas de pagamento e dep\u00f3sito","publisher":{"@id":"https:\/\/www.zarph.com\/#organization"},"potentialAction":[{"@type":"SearchAction","target":{"@type":"EntryPoint","urlTemplate":"https:\/\/www.zarph.com\/?s={search_term_string}"},"query-input":{"@type":"PropertyValueSpecification","valueRequired":true,"valueName":"search_term_string"}}],"inLanguage":"en-GB"},{"@type":"Organization","@id":"https:\/\/www.zarph.com\/#organization","name":"Zarph","url":"https:\/\/www.zarph.com\/","logo":{"@type":"ImageObject","inLanguage":"en-GB","@id":"https:\/\/www.zarph.com\/#\/schema\/logo\/image\/","url":"https:\/\/www.zarph.com\/wp-content\/uploads\/2024\/08\/logotipo-zarph.png","contentUrl":"https:\/\/www.zarph.com\/wp-content\/uploads\/2024\/08\/logotipo-zarph.png","width":512,"height":512,"caption":"Zarph"},"image":{"@id":"https:\/\/www.zarph.com\/#\/schema\/logo\/image\/"},"sameAs":["https:\/\/www.facebook.com\/zarph.cash.management","https:\/\/www.linkedin.com\/company\/g3p-technologies\/"]}]}},"_links":{"self":[{"href":"https:\/\/www.zarph.com\/en\/wp-json\/wp\/v2\/pages\/2734","targetHints":{"allow":["GET"]}}],"collection":[{"href":"https:\/\/www.zarph.com\/en\/wp-json\/wp\/v2\/pages"}],"about":[{"href":"https:\/\/www.zarph.com\/en\/wp-json\/wp\/v2\/types\/page"}],"author":[{"embeddable":true,"href":"https:\/\/www.zarph.com\/en\/wp-json\/wp\/v2\/users\/3"}],"replies":[{"embeddable":true,"href":"https:\/\/www.zarph.com\/en\/wp-json\/wp\/v2\/comments?post=2734"}],"version-history":[{"count":0,"href":"https:\/\/www.zarph.com\/en\/wp-json\/wp\/v2\/pages\/2734\/revisions"}],"up":[{"embeddable":true,"href":"https:\/\/www.zarph.com\/en\/wp-json\/wp\/v2\/pages\/1234"}],"wp:featuredmedia":[{"embeddable":true,"href":"https:\/\/www.zarph.com\/en\/wp-json\/wp\/v2\/media\/7624"}],"wp:attachment":[{"href":"https:\/\/www.zarph.com\/en\/wp-json\/wp\/v2\/media?parent=2734"}],"curies":[{"name":"wp","href":"https:\/\/api.w.org\/{rel}","templated":true}]}}